{"id":693,"date":"2024-03-19T14:37:37","date_gmt":"2024-03-19T13:37:37","guid":{"rendered":"https:\/\/quanticocafe.com\/?post_type=product&#038;p=693"},"modified":"2024-04-08T16:05:28","modified_gmt":"2024-04-08T14:05:28","slug":"melao","status":"publish","type":"product","link":"https:\/\/quanticocafe.com\/index.php\/product\/melao\/","title":{"rendered":"MELAO"},"content":{"rendered":"<p><strong>Variedad:<\/strong> Acompa\u00f1amiento<\/p>\n<p><strong>Presentaci\u00f3n:<\/strong> 280 gr<\/p>\n<p><strong>Ingredientes:<\/strong> Panela, cascara de cerezas de caf\u00e9, canela, clavos, caf\u00e9 molido, nuez moscada, saborizante artificial, sabor caf\u00e9, an\u00eds estrellado<\/p>\n<p><strong>Origen:<\/strong> Santa Rosa de Cabal &#8211; Colombia<\/p>\n<p><strong>Consumo:<\/strong> Ideal para acompa\u00f1ar preparaciones, entradas, productos en panader\u00eda, galletas, helados, l\u00e1cteos, etc.<\/p>\n<p><em>Reg sanitario NSA-0007206-2019<\/em><\/p>\n","protected":false},"excerpt":{"rendered":"<p>Variedad: Acompa\u00f1amiento Presentaci\u00f3n: 280 gr Ingredientes: Panela, cascara de cerezas de caf\u00e9, canela, clavos, caf\u00e9 molido, nuez moscada, saborizante artificial, sabor caf\u00e9, an\u00eds estrellado Origen: Santa Rosa de Cabal &#8211; Colombia Consumo: Ideal para acompa\u00f1ar preparaciones, entradas, productos en panader\u00eda, galletas, helados, l\u00e1cteos, etc. Reg sanitario NSA-0007206-2019<\/p>\n","protected":false},"featured_media":1128,"comment_status":"open","ping_status":"closed","template":"","meta":[],"product_brand":[],"product_cat":[19],"product_tag":[],"class_list":{"0":"post-693","1":"product","2":"type-product","3":"status-publish","4":"has-post-thumbnail","6":"product_cat-acompanamiento","8":"first","9":"instock","10":"taxable","11":"shipping-taxable","12":"purchasable","13":"product-type-simple"},"_links":{"self":[{"href":"https:\/\/quanticocafe.com\/index.php\/wp-json\/wp\/v2\/product\/693","targetHints":{"allow":["GET"]}}],"collection":[{"href":"https:\/\/quanticocafe.com\/index.php\/wp-json\/wp\/v2\/product"}],"about":[{"href":"https:\/\/quanticocafe.com\/index.php\/wp-json\/wp\/v2\/types\/product"}],"replies":[{"embeddable":true,"href":"https:\/\/quanticocafe.com\/index.php\/wp-json\/wp\/v2\/comments?post=693"}],"wp:featuredmedia":[{"embeddable":true,"href":"https:\/\/quanticocafe.com\/index.php\/wp-json\/wp\/v2\/media\/1128"}],"wp:attachment":[{"href":"https:\/\/quanticocafe.com\/index.php\/wp-json\/wp\/v2\/media?parent=693"}],"wp:term":[{"taxonomy":"product_brand","embeddable":true,"href":"https:\/\/quanticocafe.com\/index.php\/wp-json\/wp\/v2\/product_brand?post=693"},{"taxonomy":"product_cat","embeddable":true,"href":"https:\/\/quanticocafe.com\/index.php\/wp-json\/wp\/v2\/product_cat?post=693"},{"taxonomy":"product_tag","embeddable":true,"href":"https:\/\/quanticocafe.com\/index.php\/wp-json\/wp\/v2\/product_tag?post=693"}],"curies":[{"name":"wp","href":"https:\/\/api.w.org\/{rel}","templated":true}]}}