{"id":692,"date":"2024-03-19T14:37:22","date_gmt":"2024-03-19T13:37:22","guid":{"rendered":"https:\/\/quanticocafe.com\/?post_type=product&#038;p=692"},"modified":"2024-08-06T16:23:22","modified_gmt":"2024-08-06T14:23:22","slug":"suave-lavado","status":"publish","type":"product","link":"https:\/\/quanticocafe.com\/index.php\/product\/suave-lavado\/","title":{"rendered":"SUAVE LAVADO"},"content":{"rendered":"<p><strong>Variedad:<\/strong> Castillo<\/p>\n<p><strong>Tipo beneficio:\u00a0<\/strong>Suave lavado<\/p>\n<p><strong>Origen:<\/strong> Cundinamarca, Nocaima<\/p>\n<p><strong>F\u00ednca<\/strong>: El Ajal- Altitud 1650 msnm<\/p>\n<p><strong>CATACI\u00d3N 85,50 Caf\u00e9 de especialidad<\/strong><\/p>\n<p><strong>Aroma:<\/strong> Melcocha, almendra, miel<\/p>\n<p><strong>Sabor:<\/strong> Afrutado, ciruela, mantequilla<\/p>\n<p><strong>Acidez:<\/strong> C\u00edtrica, mandarina, naranja<\/p>\n<p><strong>Cuerpo:<\/strong> Meloso<\/p>\n<p><strong>Sabor residual:<\/strong> Limonaria, meloso, cremoso<\/p>\n<p><strong>Dulzura:<\/strong> Mazana agua, az\u00facar morena<\/p>\n<p><strong>Taza:<\/strong> Limpia<\/p>\n<p><em>Reg sanitario NSA-0006451-2019<\/em><\/p>\n","protected":false},"excerpt":{"rendered":"<p>Variedad: Castillo Tipo beneficio:\u00a0Suave lavado Origen: Cundinamarca, Nocaima F\u00ednca: El Ajal- Altitud 1650 msnm CATACI\u00d3N 85,50 Caf\u00e9 de especialidad Aroma: Melcocha, almendra, miel Sabor: Afrutado, ciruela, mantequilla Acidez: C\u00edtrica, mandarina, naranja Cuerpo: Meloso Sabor residual: Limonaria, meloso, cremoso Dulzura: Mazana agua, az\u00facar morena Taza: Limpia Reg sanitario NSA-0006451-2019<\/p>\n","protected":false},"featured_media":1271,"comment_status":"open","ping_status":"closed","template":"","meta":[],"product_brand":[],"product_cat":[18],"product_tag":[27],"class_list":{"0":"post-692","1":"product","2":"type-product","3":"status-publish","4":"has-post-thumbnail","6":"product_cat-cafe","7":"product_tag-suave-lavado","9":"first","10":"instock","11":"shipping-taxable","12":"purchasable","13":"product-type-variable"},"_links":{"self":[{"href":"https:\/\/quanticocafe.com\/index.php\/wp-json\/wp\/v2\/product\/692","targetHints":{"allow":["GET"]}}],"collection":[{"href":"https:\/\/quanticocafe.com\/index.php\/wp-json\/wp\/v2\/product"}],"about":[{"href":"https:\/\/quanticocafe.com\/index.php\/wp-json\/wp\/v2\/types\/product"}],"replies":[{"embeddable":true,"href":"https:\/\/quanticocafe.com\/index.php\/wp-json\/wp\/v2\/comments?post=692"}],"wp:featuredmedia":[{"embeddable":true,"href":"https:\/\/quanticocafe.com\/index.php\/wp-json\/wp\/v2\/media\/1271"}],"wp:attachment":[{"href":"https:\/\/quanticocafe.com\/index.php\/wp-json\/wp\/v2\/media?parent=692"}],"wp:term":[{"taxonomy":"product_brand","embeddable":true,"href":"https:\/\/quanticocafe.com\/index.php\/wp-json\/wp\/v2\/product_brand?post=692"},{"taxonomy":"product_cat","embeddable":true,"href":"https:\/\/quanticocafe.com\/index.php\/wp-json\/wp\/v2\/product_cat?post=692"},{"taxonomy":"product_tag","embeddable":true,"href":"https:\/\/quanticocafe.com\/index.php\/wp-json\/wp\/v2\/product_tag?post=692"}],"curies":[{"name":"wp","href":"https:\/\/api.w.org\/{rel}","templated":true}]}}