{"id":691,"date":"2024-03-19T14:37:08","date_gmt":"2024-03-19T13:37:08","guid":{"rendered":"https:\/\/quanticocafe.com\/?post_type=product&#038;p=691"},"modified":"2024-07-22T23:55:09","modified_gmt":"2024-07-22T21:55:09","slug":"natural","status":"publish","type":"product","link":"https:\/\/quanticocafe.com\/index.php\/product\/natural\/","title":{"rendered":"NATURAL"},"content":{"rendered":"<p><strong>Variedad:<\/strong> Castillo<\/p>\n<p><strong>Tipo beneficio:\u00a0<\/strong>Natural<\/p>\n<p><strong>Origen:<\/strong> Cundinamarca, Nocaima<\/p>\n<p><strong>F\u00ednca<\/strong>: El Ajal- Altitud 1650 msnm<\/p>\n<p><strong>CATACI\u00d3N 85,50 Caf\u00e9 de especialidad<\/strong><\/p>\n<p><strong>Aroma:<\/strong> Caramelo, panela, uva<\/p>\n<p><strong>Sabor:<\/strong> Tropical, especiado, ciruela, banano<\/p>\n<p><strong>Acidez:<\/strong> C\u00edtrica, champa\u00f1e, fosf\u00f3rica<\/p>\n<p><strong>Cuerpo:<\/strong> Especiado, cebada, malteada<\/p>\n<p><strong>Sabor residual:<\/strong> Pan tostado, curuba<\/p>\n<p><strong>Dulzura:<\/strong> Caramelo, afrutados<\/p>\n<p><strong>Taza:<\/strong> Limpia<\/p>\n<p><em>Reg sanitario NSA-0006451-2019<\/em><\/p>\n","protected":false},"excerpt":{"rendered":"<p>Variedad: Castillo Tipo beneficio:\u00a0Natural Origen: Cundinamarca, Nocaima F\u00ednca: El Ajal- Altitud 1650 msnm CATACI\u00d3N 85,50 Caf\u00e9 de especialidad Aroma: Caramelo, panela, uva Sabor: Tropical, especiado, ciruela, banano Acidez: C\u00edtrica, champa\u00f1e, fosf\u00f3rica Cuerpo: Especiado, cebada, malteada Sabor residual: Pan tostado, curuba Dulzura: Caramelo, afrutados Taza: Limpia Reg sanitario NSA-0006451-2019<\/p>\n","protected":false},"featured_media":1272,"comment_status":"open","ping_status":"closed","template":"","meta":[],"product_brand":[],"product_cat":[18],"product_tag":[],"class_list":{"0":"post-691","1":"product","2":"type-product","3":"status-publish","4":"has-post-thumbnail","6":"product_cat-cafe","8":"first","9":"instock","10":"featured","11":"taxable","12":"shipping-taxable","13":"purchasable","14":"product-type-variable"},"_links":{"self":[{"href":"https:\/\/quanticocafe.com\/index.php\/wp-json\/wp\/v2\/product\/691","targetHints":{"allow":["GET"]}}],"collection":[{"href":"https:\/\/quanticocafe.com\/index.php\/wp-json\/wp\/v2\/product"}],"about":[{"href":"https:\/\/quanticocafe.com\/index.php\/wp-json\/wp\/v2\/types\/product"}],"replies":[{"embeddable":true,"href":"https:\/\/quanticocafe.com\/index.php\/wp-json\/wp\/v2\/comments?post=691"}],"wp:featuredmedia":[{"embeddable":true,"href":"https:\/\/quanticocafe.com\/index.php\/wp-json\/wp\/v2\/media\/1272"}],"wp:attachment":[{"href":"https:\/\/quanticocafe.com\/index.php\/wp-json\/wp\/v2\/media?parent=691"}],"wp:term":[{"taxonomy":"product_brand","embeddable":true,"href":"https:\/\/quanticocafe.com\/index.php\/wp-json\/wp\/v2\/product_brand?post=691"},{"taxonomy":"product_cat","embeddable":true,"href":"https:\/\/quanticocafe.com\/index.php\/wp-json\/wp\/v2\/product_cat?post=691"},{"taxonomy":"product_tag","embeddable":true,"href":"https:\/\/quanticocafe.com\/index.php\/wp-json\/wp\/v2\/product_tag?post=691"}],"curies":[{"name":"wp","href":"https:\/\/api.w.org\/{rel}","templated":true}]}}