{"id":690,"date":"2024-03-19T14:36:56","date_gmt":"2024-03-19T13:36:56","guid":{"rendered":"https:\/\/quanticocafe.com\/?post_type=product&#038;p=690"},"modified":"2024-10-10T04:33:20","modified_gmt":"2024-10-10T02:33:20","slug":"honey","status":"publish","type":"product","link":"https:\/\/quanticocafe.com\/index.php\/product\/honey\/","title":{"rendered":"HONEY"},"content":{"rendered":"<p><strong>Variedad:<\/strong> Castillo<\/p>\n<p><strong>Tipo beneficio:\u00a0<\/strong>Fermentaci\u00f3n 160 horas<\/p>\n<p><strong>Origen:<\/strong> Cundinamarca, Nocaima<\/p>\n<p><strong>F\u00ednca<\/strong>: El Ajal- Altitud 1650 msnm<\/p>\n<p><strong>CATACI\u00d3N 85,50 Caf\u00e9 de especialidad<\/strong><\/p>\n<p><strong>Aroma:<\/strong> Meloso, perfumado, sirope panela<\/p>\n<p><strong>Sabor:<\/strong> Toronja, meloso, durazno, zapote<\/p>\n<p><strong>Acidez:<\/strong> C\u00edtrica, fosf\u00f3rica, brillante<\/p>\n<p><strong>Cuerpo:<\/strong> Aceitoso, redondo<\/p>\n<p><strong>Sabor residual:<\/strong> T\u00e9 de frutos amarillos<\/p>\n<p><strong>Dulzura:<\/strong> D\u00e1tiles de alm\u00edbar, caramelo<\/p>\n<p><strong>Taza:<\/strong> Limpia<\/p>\n<p><em>Reg sanitario NSA-0006451-2019<\/em><\/p>\n","protected":false},"excerpt":{"rendered":"<p>Variedad: Castillo Tipo beneficio:\u00a0Fermentaci\u00f3n 160 horas Origen: Cundinamarca, Nocaima F\u00ednca: El Ajal- Altitud 1650 msnm CATACI\u00d3N 85,50 Caf\u00e9 de especialidad Aroma: Meloso, perfumado, sirope panela Sabor: Toronja, meloso, durazno, zapote Acidez: C\u00edtrica, fosf\u00f3rica, brillante Cuerpo: Aceitoso, redondo Sabor residual: T\u00e9 de frutos amarillos Dulzura: D\u00e1tiles de alm\u00edbar, caramelo Taza: Limpia Reg sanitario NSA-0006451-2019<\/p>\n","protected":false},"featured_media":1273,"comment_status":"open","ping_status":"closed","template":"","meta":[],"product_brand":[],"product_cat":[18],"product_tag":[],"class_list":{"0":"post-690","1":"product","2":"type-product","3":"status-publish","4":"has-post-thumbnail","6":"product_cat-cafe","8":"first","9":"instock","10":"taxable","11":"shipping-taxable","12":"purchasable","13":"product-type-simple"},"_links":{"self":[{"href":"https:\/\/quanticocafe.com\/index.php\/wp-json\/wp\/v2\/product\/690","targetHints":{"allow":["GET"]}}],"collection":[{"href":"https:\/\/quanticocafe.com\/index.php\/wp-json\/wp\/v2\/product"}],"about":[{"href":"https:\/\/quanticocafe.com\/index.php\/wp-json\/wp\/v2\/types\/product"}],"replies":[{"embeddable":true,"href":"https:\/\/quanticocafe.com\/index.php\/wp-json\/wp\/v2\/comments?post=690"}],"wp:featuredmedia":[{"embeddable":true,"href":"https:\/\/quanticocafe.com\/index.php\/wp-json\/wp\/v2\/media\/1273"}],"wp:attachment":[{"href":"https:\/\/quanticocafe.com\/index.php\/wp-json\/wp\/v2\/media?parent=690"}],"wp:term":[{"taxonomy":"product_brand","embeddable":true,"href":"https:\/\/quanticocafe.com\/index.php\/wp-json\/wp\/v2\/product_brand?post=690"},{"taxonomy":"product_cat","embeddable":true,"href":"https:\/\/quanticocafe.com\/index.php\/wp-json\/wp\/v2\/product_cat?post=690"},{"taxonomy":"product_tag","embeddable":true,"href":"https:\/\/quanticocafe.com\/index.php\/wp-json\/wp\/v2\/product_tag?post=690"}],"curies":[{"name":"wp","href":"https:\/\/api.w.org\/{rel}","templated":true}]}}