{"id":689,"date":"2024-03-19T14:31:05","date_gmt":"2024-03-19T13:31:05","guid":{"rendered":"https:\/\/quanticocafe.com\/?post_type=product&#038;p=689"},"modified":"2024-07-22T23:56:03","modified_gmt":"2024-07-22T21:56:03","slug":"black-honey","status":"publish","type":"product","link":"https:\/\/quanticocafe.com\/index.php\/product\/black-honey\/","title":{"rendered":"BLACK HONEY"},"content":{"rendered":"<p><strong>Variedad:<\/strong> Castillo<\/p>\n<p><strong>Tipo beneficio:<\/strong> Black Honey<\/p>\n<p><strong>Origen:<\/strong> Cundinamarca, Nocaima<\/p>\n<p><strong>F\u00ednca<\/strong>: El Ajal- Altitud 1650 msnm<\/p>\n<p><strong>CATACI\u00d3N 85,50 Caf\u00e9 de especialidad<\/strong><\/p>\n<p><strong>Aroma:<\/strong> Meloso, mandarina, panela<\/p>\n<p><strong>Sabor:<\/strong> Malvavisco tropical, boroj\u00f3<\/p>\n<p><strong>Acidez:<\/strong> C\u00edtrica, mandarina, fosf\u00f3rica<\/p>\n<p><strong>Cuerpo:<\/strong> Cremoso, miel, sirope<\/p>\n<p><strong>Sabor residual:<\/strong> Mantequilla, sirope<\/p>\n<p><strong>Dulzura:<\/strong> Caramelo, az\u00facar morena, avellana<\/p>\n<p><strong>Taza:<\/strong> Limpia<\/p>\n<p><em>Reg sanitario NSA-0006451-2019<\/em><\/p>\n","protected":false},"excerpt":{"rendered":"<p>Variedad: Castillo Tipo beneficio: Black Honey Origen: Cundinamarca, Nocaima F\u00ednca: El Ajal- Altitud 1650 msnm CATACI\u00d3N 85,50 Caf\u00e9 de especialidad Aroma: Meloso, mandarina, panela Sabor: Malvavisco tropical, boroj\u00f3 Acidez: C\u00edtrica, mandarina, fosf\u00f3rica Cuerpo: Cremoso, miel, sirope Sabor residual: Mantequilla, sirope Dulzura: Caramelo, az\u00facar morena, avellana Taza: Limpia Reg sanitario NSA-0006451-2019<\/p>\n","protected":false},"featured_media":1274,"comment_status":"open","ping_status":"closed","template":"","meta":[],"product_brand":[],"product_cat":[18],"product_tag":[],"class_list":{"0":"post-689","1":"product","2":"type-product","3":"status-publish","4":"has-post-thumbnail","6":"product_cat-cafe","8":"first","9":"instock","10":"featured","11":"taxable","12":"shipping-taxable","13":"product-type-variable"},"_links":{"self":[{"href":"https:\/\/quanticocafe.com\/index.php\/wp-json\/wp\/v2\/product\/689","targetHints":{"allow":["GET"]}}],"collection":[{"href":"https:\/\/quanticocafe.com\/index.php\/wp-json\/wp\/v2\/product"}],"about":[{"href":"https:\/\/quanticocafe.com\/index.php\/wp-json\/wp\/v2\/types\/product"}],"replies":[{"embeddable":true,"href":"https:\/\/quanticocafe.com\/index.php\/wp-json\/wp\/v2\/comments?post=689"}],"wp:featuredmedia":[{"embeddable":true,"href":"https:\/\/quanticocafe.com\/index.php\/wp-json\/wp\/v2\/media\/1274"}],"wp:attachment":[{"href":"https:\/\/quanticocafe.com\/index.php\/wp-json\/wp\/v2\/media?parent=689"}],"wp:term":[{"taxonomy":"product_brand","embeddable":true,"href":"https:\/\/quanticocafe.com\/index.php\/wp-json\/wp\/v2\/product_brand?post=689"},{"taxonomy":"product_cat","embeddable":true,"href":"https:\/\/quanticocafe.com\/index.php\/wp-json\/wp\/v2\/product_cat?post=689"},{"taxonomy":"product_tag","embeddable":true,"href":"https:\/\/quanticocafe.com\/index.php\/wp-json\/wp\/v2\/product_tag?post=689"}],"curies":[{"name":"wp","href":"https:\/\/api.w.org\/{rel}","templated":true}]}}