{"id":1490,"date":"2024-05-08T22:07:59","date_gmt":"2024-05-08T20:07:59","guid":{"rendered":"https:\/\/quanticocafe.com\/?post_type=product&#038;p=1490"},"modified":"2024-05-08T22:07:59","modified_gmt":"2024-05-08T20:07:59","slug":"prensa-francesa-800-ml-pch","status":"publish","type":"product","link":"https:\/\/quanticocafe.com\/index.php\/product\/prensa-francesa-800-ml-pch\/","title":{"rendered":"Prensa Francesa 800 ml PCH"},"content":{"rendered":"<p>Prepara grandes cantidades de caf\u00e9 con nuestra Prensa Francesa de 800 ml. Dise\u00f1ada para aquellos que disfrutan compartiendo su pasi\u00f3n por el caf\u00e9 con amigos y familiares, esta prensa francesa extrae los sabores m\u00e1s ricos y profundos de tu caf\u00e9 reci\u00e9n molido en cada taza. Con un dise\u00f1o elegante y funcional, es el complemento perfecto para cualquier ocasi\u00f3n especial o simplemente para disfrutar de un caf\u00e9 indulgente en casa.<\/p>\n","protected":false},"excerpt":{"rendered":"<p>Prepara grandes cantidades de caf\u00e9 con nuestra Prensa Francesa de 800 ml. Dise\u00f1ada para aquellos que disfrutan compartiendo su pasi\u00f3n por el caf\u00e9 con amigos y familiares, esta prensa francesa extrae los sabores m\u00e1s ricos y profundos de tu caf\u00e9 reci\u00e9n molido en cada taza. Con un dise\u00f1o elegante y funcional, es el complemento perfecto [&hellip;]<\/p>\n","protected":false},"featured_media":1320,"comment_status":"open","ping_status":"closed","template":"","meta":[],"product_brand":[],"product_cat":[17],"product_tag":[],"class_list":{"0":"post-1490","1":"product","2":"type-product","3":"status-publish","4":"has-post-thumbnail","6":"product_cat-uncategorized","8":"first","9":"instock","10":"taxable","11":"shipping-taxable","12":"purchasable","13":"product-type-simple"},"_links":{"self":[{"href":"https:\/\/quanticocafe.com\/index.php\/wp-json\/wp\/v2\/product\/1490","targetHints":{"allow":["GET"]}}],"collection":[{"href":"https:\/\/quanticocafe.com\/index.php\/wp-json\/wp\/v2\/product"}],"about":[{"href":"https:\/\/quanticocafe.com\/index.php\/wp-json\/wp\/v2\/types\/product"}],"replies":[{"embeddable":true,"href":"https:\/\/quanticocafe.com\/index.php\/wp-json\/wp\/v2\/comments?post=1490"}],"wp:featuredmedia":[{"embeddable":true,"href":"https:\/\/quanticocafe.com\/index.php\/wp-json\/wp\/v2\/media\/1320"}],"wp:attachment":[{"href":"https:\/\/quanticocafe.com\/index.php\/wp-json\/wp\/v2\/media?parent=1490"}],"wp:term":[{"taxonomy":"product_brand","embeddable":true,"href":"https:\/\/quanticocafe.com\/index.php\/wp-json\/wp\/v2\/product_brand?post=1490"},{"taxonomy":"product_cat","embeddable":true,"href":"https:\/\/quanticocafe.com\/index.php\/wp-json\/wp\/v2\/product_cat?post=1490"},{"taxonomy":"product_tag","embeddable":true,"href":"https:\/\/quanticocafe.com\/index.php\/wp-json\/wp\/v2\/product_tag?post=1490"}],"curies":[{"name":"wp","href":"https:\/\/api.w.org\/{rel}","templated":true}]}}