{"id":1485,"date":"2024-05-08T21:34:54","date_gmt":"2024-05-08T19:34:54","guid":{"rendered":"https:\/\/quanticocafe.com\/?post_type=product&#038;p=1485"},"modified":"2024-07-30T04:05:53","modified_gmt":"2024-07-30T02:05:53","slug":"combo-qc-para-ti","status":"publish","type":"product","link":"https:\/\/quanticocafe.com\/index.php\/product\/combo-qc-para-ti\/","title":{"rendered":"Combo QC Para ti"},"content":{"rendered":"<p>\u00a1Despierta tus sentidos con nuestro irresistible combo de caf\u00e9 en casa! Sum\u00e9rgete en el aroma fresco y la rica textura de nuestro caf\u00e9 lavado de 340g, y prepara con nuestra elegante prensa francesa de 350 ml, dise\u00f1ada para extraer los sabores m\u00e1s exquisitos de tu caf\u00e9 reci\u00e9n molido. \u00a1Hazte con este d\u00fao perfecto y disfruta de una experiencia caf\u00e9 incomparable en la comodidad de tu hogar!<\/p>\n","protected":false},"excerpt":{"rendered":"<p>\u00a1Despierta tus sentidos con nuestro irresistible combo de caf\u00e9 en casa! Sum\u00e9rgete en el aroma fresco y la rica textura de nuestro caf\u00e9 lavado de 340g, y prepara con nuestra elegante prensa francesa de 350 ml, dise\u00f1ada para extraer los sabores m\u00e1s exquisitos de tu caf\u00e9 reci\u00e9n molido. \u00a1Hazte con este d\u00fao perfecto y disfruta [&hellip;]<\/p>\n","protected":false},"featured_media":1770,"comment_status":"open","ping_status":"closed","template":"","meta":[],"product_brand":[],"product_cat":[17],"product_tag":[],"class_list":{"0":"post-1485","1":"product","2":"type-product","3":"status-publish","4":"has-post-thumbnail","6":"product_cat-uncategorized","8":"first","9":"instock","10":"taxable","11":"shipping-taxable","12":"purchasable","13":"product-type-variable"},"_links":{"self":[{"href":"https:\/\/quanticocafe.com\/index.php\/wp-json\/wp\/v2\/product\/1485","targetHints":{"allow":["GET"]}}],"collection":[{"href":"https:\/\/quanticocafe.com\/index.php\/wp-json\/wp\/v2\/product"}],"about":[{"href":"https:\/\/quanticocafe.com\/index.php\/wp-json\/wp\/v2\/types\/product"}],"replies":[{"embeddable":true,"href":"https:\/\/quanticocafe.com\/index.php\/wp-json\/wp\/v2\/comments?post=1485"}],"wp:featuredmedia":[{"embeddable":true,"href":"https:\/\/quanticocafe.com\/index.php\/wp-json\/wp\/v2\/media\/1770"}],"wp:attachment":[{"href":"https:\/\/quanticocafe.com\/index.php\/wp-json\/wp\/v2\/media?parent=1485"}],"wp:term":[{"taxonomy":"product_brand","embeddable":true,"href":"https:\/\/quanticocafe.com\/index.php\/wp-json\/wp\/v2\/product_brand?post=1485"},{"taxonomy":"product_cat","embeddable":true,"href":"https:\/\/quanticocafe.com\/index.php\/wp-json\/wp\/v2\/product_cat?post=1485"},{"taxonomy":"product_tag","embeddable":true,"href":"https:\/\/quanticocafe.com\/index.php\/wp-json\/wp\/v2\/product_tag?post=1485"}],"curies":[{"name":"wp","href":"https:\/\/api.w.org\/{rel}","templated":true}]}}