{"id":1483,"date":"2024-05-08T21:26:19","date_gmt":"2024-05-08T19:26:19","guid":{"rendered":"https:\/\/quanticocafe.com\/?post_type=product&#038;p=1483"},"modified":"2024-07-30T04:13:02","modified_gmt":"2024-07-30T02:13:02","slug":"combo-qc-para-compartir","status":"publish","type":"product","link":"https:\/\/quanticocafe.com\/index.php\/product\/combo-qc-para-compartir\/","title":{"rendered":"Combo QC Para Compartir"},"content":{"rendered":"<p>\u00a1Despierta tus sentidos con nuestro irresistible combo de productos para disfrutar del mejor caf\u00e9 en casa! Sum\u00e9rgete en el aroma fresco y la rica textura de nuestro caf\u00e9 lavado de 340g, prepara cada taza con nuestra prensa francesa de 350 ml para extraer los sabores m\u00e1s exquisitos, y sirve tu caf\u00e9 en nuestras elegantes tazas tinto de 136 ml, perfectas para disfrutar cada sorbo con estilo y elegancia. \u00a1Hazte con este conjunto y lleva a casa una experiencia caf\u00e9 incomparable!<\/p>\n","protected":false},"excerpt":{"rendered":"<p>\u00a1Despierta tus sentidos con nuestro irresistible combo de productos para disfrutar del mejor caf\u00e9 en casa! Sum\u00e9rgete en el aroma fresco y la rica textura de nuestro caf\u00e9 lavado de 340g, prepara cada taza con nuestra prensa francesa de 350 ml para extraer los sabores m\u00e1s exquisitos, y sirve tu caf\u00e9 en nuestras elegantes tazas [&hellip;]<\/p>\n","protected":false},"featured_media":1772,"comment_status":"open","ping_status":"closed","template":"","meta":[],"product_brand":[],"product_cat":[17],"product_tag":[],"class_list":{"0":"post-1483","1":"product","2":"type-product","3":"status-publish","4":"has-post-thumbnail","6":"product_cat-uncategorized","8":"first","9":"instock","10":"taxable","11":"shipping-taxable","12":"purchasable","13":"product-type-variable"},"_links":{"self":[{"href":"https:\/\/quanticocafe.com\/index.php\/wp-json\/wp\/v2\/product\/1483","targetHints":{"allow":["GET"]}}],"collection":[{"href":"https:\/\/quanticocafe.com\/index.php\/wp-json\/wp\/v2\/product"}],"about":[{"href":"https:\/\/quanticocafe.com\/index.php\/wp-json\/wp\/v2\/types\/product"}],"replies":[{"embeddable":true,"href":"https:\/\/quanticocafe.com\/index.php\/wp-json\/wp\/v2\/comments?post=1483"}],"wp:featuredmedia":[{"embeddable":true,"href":"https:\/\/quanticocafe.com\/index.php\/wp-json\/wp\/v2\/media\/1772"}],"wp:attachment":[{"href":"https:\/\/quanticocafe.com\/index.php\/wp-json\/wp\/v2\/media?parent=1483"}],"wp:term":[{"taxonomy":"product_brand","embeddable":true,"href":"https:\/\/quanticocafe.com\/index.php\/wp-json\/wp\/v2\/product_brand?post=1483"},{"taxonomy":"product_cat","embeddable":true,"href":"https:\/\/quanticocafe.com\/index.php\/wp-json\/wp\/v2\/product_cat?post=1483"},{"taxonomy":"product_tag","embeddable":true,"href":"https:\/\/quanticocafe.com\/index.php\/wp-json\/wp\/v2\/product_tag?post=1483"}],"curies":[{"name":"wp","href":"https:\/\/api.w.org\/{rel}","templated":true}]}}