{"id":43,"date":"2024-03-07T16:29:29","date_gmt":"2024-03-07T15:29:29","guid":{"rendered":"https:\/\/quanticocafe.com\/?page_id=43"},"modified":"2024-07-22T17:36:18","modified_gmt":"2024-07-22T15:36:18","slug":"nosotros","status":"publish","type":"page","link":"https:\/\/quanticocafe.com\/index.php\/nosotros\/","title":{"rendered":"Nosotros"},"content":{"rendered":"\t\t<div data-elementor-type=\"wp-page\" data-elementor-id=\"43\" class=\"elementor elementor-43\" data-elementor-post-type=\"page\">\n\t\t\t\t<div class=\"elementor-element elementor-element-3322333 e-con-full animated-slow elementor-hidden-mobile e-flex elementor-invisible e-con e-parent\" data-id=\"3322333\" data-element_type=\"container\" data-e-type=\"container\" data-settings=\"{&quot;background_background&quot;:&quot;classic&quot;,&quot;animation&quot;:&quot;fadeIn&quot;}\">\n\t\t\t\t<div class=\"elementor-element elementor-element-41e2687 elementor-widget__width-auto elementor-fixed elementor-widget elementor-widget-button\" data-id=\"41e2687\" data-element_type=\"widget\" data-e-type=\"widget\" data-settings=\"{&quot;_position&quot;:&quot;fixed&quot;}\" data-widget_type=\"button.default\">\n\t\t\t\t<div class=\"elementor-widget-container\">\n\t\t\t\t\t\t\t\t\t<div class=\"elementor-button-wrapper\">\n\t\t\t\t\t<a class=\"elementor-button elementor-button-link elementor-size-sm\" href=\"https:\/\/api.whatsapp.com\/send\/?phone=573158668190&#038;text&#038;type=phone_number&#038;app_absent=0\">\n\t\t\t\t\t\t<span class=\"elementor-button-content-wrapper\">\n\t\t\t\t\t\t<span class=\"elementor-button-icon\">\n\t\t\t\t<svg aria-hidden=\"true\" class=\"e-font-icon-svg e-fab-whatsapp\" viewBox=\"0 0 448 512\" xmlns=\"http:\/\/www.w3.org\/2000\/svg\"><path d=\"M380.9 97.1C339 55.1 283.2 32 223.9 32c-122.4 0-222 99.6-222 222 0 39.1 10.2 77.3 29.6 111L0 480l117.7-30.9c32.4 17.7 68.9 27 106.1 27h.1c122.3 0 224.1-99.6 224.1-222 0-59.3-25.2-115-67.1-157zm-157 341.6c-33.2 0-65.7-8.9-94-25.7l-6.7-4-69.8 18.3L72 359.2l-4.4-7c-18.5-29.4-28.2-63.3-28.2-98.2 0-101.7 82.8-184.5 184.6-184.5 49.3 0 95.6 19.2 130.4 54.1 34.8 34.9 56.2 81.2 56.1 130.5 0 101.8-84.9 184.6-186.6 184.6zm101.2-138.2c-5.5-2.8-32.8-16.2-37.9-18-5.1-1.9-8.8-2.8-12.5 2.8-3.7 5.6-14.3 18-17.6 21.8-3.2 3.7-6.5 4.2-12 1.4-32.6-16.3-54-29.1-75.5-66-5.7-9.8 5.7-9.1 16.3-30.3 1.8-3.7.9-6.9-.5-9.7-1.4-2.8-12.5-30.1-17.1-41.2-4.5-10.8-9.1-9.3-12.5-9.5-3.2-.2-6.9-.2-10.6-.2-3.7 0-9.7 1.4-14.8 6.9-5.1 5.6-19.4 19-19.4 46.3 0 27.3 19.9 53.7 22.6 57.4 2.8 3.7 39.1 59.7 94.8 83.8 35.2 15.2 49 16.5 66.6 13.9 10.7-1.6 32.8-13.4 37.4-26.4 4.6-13 4.6-24.1 3.2-26.4-1.3-2.5-5-3.9-10.5-6.6z\"><\/path><\/svg>\t\t\t<\/span>\n\t\t\t\t\t\t\t\t<\/span>\n\t\t\t\t\t<\/a>\n\t\t\t\t<\/div>\n\t\t\t\t\t\t\t\t<\/div>\n\t\t\t\t<\/div>\n\t\t\t\t<\/div>\n\t\t<div class=\"elementor-element elementor-element-ed4cc4c e-flex e-con-boxed elementor-invisible e-con e-child\" data-id=\"ed4cc4c\" data-element_type=\"container\" data-e-type=\"container\" data-settings=\"{&quot;background_background&quot;:&quot;classic&quot;,&quot;animation&quot;:&quot;fadeIn&quot;}\">\n\t\t\t\t\t<div class=\"e-con-inner\">\n\t\t<div class=\"elementor-element elementor-element-95d8d65 e-flex e-con-boxed e-con e-child\" data-id=\"95d8d65\" data-element_type=\"container\" data-e-type=\"container\">\n\t\t\t\t\t<div class=\"e-con-inner\">\n\t\t<div class=\"elementor-element elementor-element-acaa003 e-con-full e-flex e-con e-child\" data-id=\"acaa003\" data-element_type=\"container\" data-e-type=\"container\">\n\t\t\t\t<div class=\"elementor-element elementor-element-e28f174 elementor-widget elementor-widget-image\" data-id=\"e28f174\" data-element_type=\"widget\" data-e-type=\"widget\" data-widget_type=\"image.default\">\n\t\t\t\t<div class=\"elementor-widget-container\">\n\t\t\t\t\t\t\t\t\t\t\t\t\t\t\t<img fetchpriority=\"high\" decoding=\"async\" width=\"800\" height=\"800\" src=\"https:\/\/quanticocafe.com\/wp-content\/uploads\/2024\/03\/cafe.png\" class=\"attachment-large size-large wp-image-975\" alt=\"\" srcset=\"https:\/\/quanticocafe.com\/wp-content\/uploads\/2024\/03\/cafe.png 1000w, https:\/\/quanticocafe.com\/wp-content\/uploads\/2024\/03\/cafe-300x300.png 300w, https:\/\/quanticocafe.com\/wp-content\/uploads\/2024\/03\/cafe-150x150.png 150w, https:\/\/quanticocafe.com\/wp-content\/uploads\/2024\/03\/cafe-768x768.png 768w, https:\/\/quanticocafe.com\/wp-content\/uploads\/2024\/03\/cafe-600x600.png 600w, https:\/\/quanticocafe.com\/wp-content\/uploads\/2024\/03\/cafe-100x100.png 100w\" sizes=\"(max-width: 800px) 100vw, 800px\" \/>\t\t\t\t\t\t\t\t\t\t\t\t\t\t\t<\/div>\n\t\t\t\t<\/div>\n\t\t\t\t<\/div>\n\t\t<div class=\"elementor-element elementor-element-28276a2 e-con-full e-flex e-con e-child\" data-id=\"28276a2\" data-element_type=\"container\" data-e-type=\"container\">\n\t\t<div class=\"elementor-element elementor-element-7597f19 e-con-full e-flex elementor-invisible e-con e-child\" data-id=\"7597f19\" data-element_type=\"container\" data-e-type=\"container\" data-settings=\"{&quot;background_background&quot;:&quot;classic&quot;,&quot;animation&quot;:&quot;fadeInUp&quot;}\">\n\t\t\t\t<div class=\"elementor-element elementor-element-b206ca0 elementor-invisible elementor-widget elementor-widget-heading\" data-id=\"b206ca0\" data-element_type=\"widget\" data-e-type=\"widget\" data-settings=\"{&quot;_animation&quot;:&quot;fadeInUp&quot;}\" data-widget_type=\"heading.default\">\n\t\t\t\t<div class=\"elementor-widget-container\">\n\t\t\t\t\t<h2 class=\"elementor-heading-title elementor-size-default\">QU\u00c1NTICO CAF\u00c9: Un universo de experiencias cafeteras<\/h2>\t\t\t\t<\/div>\n\t\t\t\t<\/div>\n\t\t\t\t<\/div>\n\t\t\t\t<div class=\"elementor-element elementor-element-1ffc367 elementor-widget elementor-widget-text-editor\" data-id=\"1ffc367\" data-element_type=\"widget\" data-e-type=\"widget\" data-widget_type=\"text-editor.default\">\n\t\t\t\t<div class=\"elementor-widget-container\">\n\t\t\t\t\t\t\t\t\t<p><strong>\u00a1Hola!<\/strong> Es un placer conocerte y compartir contigo la magia de <strong>QU\u00c1NTICO CAF\u00c9<\/strong>, un espacio donde tu paladar y coraz\u00f3n se embarcar\u00e1n en una traves\u00eda extraordinaria.<\/p>\n<p><strong>Nuestra misi\u00f3n, <\/strong>cautivarte con <strong>notas inigualables de caf\u00e9 tostado de especialidad<\/strong>, cultivado con amor en las monta\u00f1as colombianas. Cada grano, cuidadosamente seleccionado y procesado, encierra una sinfon\u00eda de aromas y sabores que te transportar\u00e1n a un mundo de sensaciones inigualables.<\/p>\n<p><strong>En QU\u00c1NTICO CAF\u00c9<\/strong> encontrar\u00e1s <strong>Caf\u00e9 100% colombiano, <\/strong>un tributo a la herencia cafetera del pa\u00eds, donde cada taza exalta el trabajo artesanal de nuestros caficultores.<\/p>\n<p><strong>M\u00e1s que una bebida sensacional, QU\u00c1NTICO CAF\u00c9<\/strong> es una invitaci\u00f3n a:<\/p>\n<ul>\n<li><strong>Descubrir la cultura cafetera colombiana:<\/strong>&nbsp;Honramos el legado de nuestros caficultores y celebramos la pasi\u00f3n que impregnan en cada grano.<\/li>\n<li><strong>Vivir momentos memorables:<\/strong>&nbsp;Comparte momentos especiales con amigos, familiares o disfruta de la compa\u00f1\u00eda de un buen libro con una taza de QU\u00c1NTICO CAF\u00c9.<\/li>\n<li><strong>Conectar con tu esencia:<\/strong>&nbsp;Cada sorbo te invita a despertar tus sentidos y a conectar con tu ser interior.<br><br><\/li>\n<\/ul>\n<p><strong>Desde 2018,<\/strong> un equipo apasionado por el caf\u00e9 de especialidad trabaja incansablemente para ofrecerte la mejor experiencia. Somos m\u00e1s que una empresa, somos una familia unida por la pasi\u00f3n del caf\u00e9 y el deseo de compartir contigo la magia de este grano excepcional.<\/p>\n<p><strong>QU\u00c1NTICO CAF\u00c9:<\/strong> Tu portal a un universo de experiencias cafeteras que conquistar\u00e1n tu paladar y coraz\u00f3n.<\/p>\n<p><strong>\u00bfTe atreves a descubrirlo?<\/strong><\/p>\t\t\t\t\t\t\t\t<\/div>\n\t\t\t\t<\/div>\n\t\t\t\t<\/div>\n\t\t\t\t\t<\/div>\n\t\t\t\t<\/div>\n\t\t\t\t\t<\/div>\n\t\t\t\t<\/div>\n\t\t<div class=\"elementor-element elementor-element-7861299 e-con-full e-flex elementor-invisible e-con e-child\" data-id=\"7861299\" data-element_type=\"container\" data-e-type=\"container\" data-settings=\"{&quot;background_background&quot;:&quot;classic&quot;,&quot;animation&quot;:&quot;fadeIn&quot;}\">\n\t\t<div class=\"elementor-element elementor-element-5698aa1 e-flex e-con-boxed e-con e-child\" data-id=\"5698aa1\" data-element_type=\"container\" data-e-type=\"container\">\n\t\t\t\t\t<div class=\"e-con-inner\">\n\t\t<div class=\"elementor-element elementor-element-b03ba9f e-con-full e-flex e-con e-child\" data-id=\"b03ba9f\" data-element_type=\"container\" data-e-type=\"container\">\n\t\t<div class=\"elementor-element elementor-element-ab7e678 e-flex e-con-boxed e-con e-child\" data-id=\"ab7e678\" data-element_type=\"container\" data-e-type=\"container\" data-settings=\"{&quot;background_background&quot;:&quot;classic&quot;}\">\n\t\t\t\t\t<div class=\"e-con-inner\">\n\t\t\t\t<div class=\"elementor-element elementor-element-d07bb89 elementor-widget elementor-widget-image\" data-id=\"d07bb89\" data-element_type=\"widget\" data-e-type=\"widget\" data-widget_type=\"image.default\">\n\t\t\t\t<div class=\"elementor-widget-container\">\n\t\t\t\t\t\t\t\t\t\t\t\t\t\t\t<img decoding=\"async\" width=\"800\" height=\"800\" src=\"https:\/\/quanticocafe.com\/wp-content\/uploads\/2024\/03\/cafe2.png\" class=\"attachment-large size-large wp-image-981\" alt=\"\" srcset=\"https:\/\/quanticocafe.com\/wp-content\/uploads\/2024\/03\/cafe2.png 1000w, https:\/\/quanticocafe.com\/wp-content\/uploads\/2024\/03\/cafe2-300x300.png 300w, https:\/\/quanticocafe.com\/wp-content\/uploads\/2024\/03\/cafe2-150x150.png 150w, https:\/\/quanticocafe.com\/wp-content\/uploads\/2024\/03\/cafe2-768x768.png 768w, https:\/\/quanticocafe.com\/wp-content\/uploads\/2024\/03\/cafe2-600x600.png 600w, https:\/\/quanticocafe.com\/wp-content\/uploads\/2024\/03\/cafe2-100x100.png 100w\" sizes=\"(max-width: 800px) 100vw, 800px\" \/>\t\t\t\t\t\t\t\t\t\t\t\t\t\t\t<\/div>\n\t\t\t\t<\/div>\n\t\t\t\t\t<\/div>\n\t\t\t\t<\/div>\n\t\t<div class=\"elementor-element elementor-element-2dcd53a e-flex e-con-boxed e-con e-child\" data-id=\"2dcd53a\" data-element_type=\"container\" data-e-type=\"container\" data-settings=\"{&quot;background_background&quot;:&quot;classic&quot;}\">\n\t\t\t\t\t<div class=\"e-con-inner\">\n\t\t\t\t<div class=\"elementor-element elementor-element-3c69217 elementor-invisible elementor-widget elementor-widget-heading\" data-id=\"3c69217\" data-element_type=\"widget\" data-e-type=\"widget\" data-settings=\"{&quot;_animation&quot;:&quot;fadeInUp&quot;}\" data-widget_type=\"heading.default\">\n\t\t\t\t<div class=\"elementor-widget-container\">\n\t\t\t\t\t<h2 class=\"elementor-heading-title elementor-size-default\">TRES PILARES<\/h2>\t\t\t\t<\/div>\n\t\t\t\t<\/div>\n\t\t\t\t<div class=\"elementor-element elementor-element-46e72aa elementor-widget__width-initial animated-slow elementor-invisible elementor-widget elementor-widget-text-editor\" data-id=\"46e72aa\" data-element_type=\"widget\" data-e-type=\"widget\" data-settings=\"{&quot;_animation&quot;:&quot;fadeIn&quot;}\" data-widget_type=\"text-editor.default\">\n\t\t\t\t<div class=\"elementor-widget-container\">\n\t\t\t\t\t\t\t\t\t<p><span style=\"font-weight: 400;\">Adquirimos el caf\u00e9 directamente de las familias productoras, sin intermediarios. Luego tostamos, catamos, empacamos y entregamos en tus manos. De esta manera, nos aseguramos de cumplir con nuestros 3 grandes pilares: <\/span><\/p>\t\t\t\t\t\t\t\t<\/div>\n\t\t\t\t<\/div>\n\t\t\t\t\t<\/div>\n\t\t\t\t<\/div>\n\t\t\t\t<\/div>\n\t\t<div class=\"elementor-element elementor-element-85bd7cc e-con-full e-flex e-con e-child\" data-id=\"85bd7cc\" data-element_type=\"container\" data-e-type=\"container\">\n\t\t<div class=\"elementor-element elementor-element-978d21e e-flex e-con-boxed e-con e-child\" data-id=\"978d21e\" data-element_type=\"container\" data-e-type=\"container\">\n\t\t\t\t\t<div class=\"e-con-inner\">\n\t\t<div class=\"elementor-element elementor-element-55e6cf3 e-flex e-con-boxed e-con e-child\" data-id=\"55e6cf3\" data-element_type=\"container\" data-e-type=\"container\" data-settings=\"{&quot;background_background&quot;:&quot;classic&quot;}\">\n\t\t\t\t\t<div class=\"e-con-inner\">\n\t\t<div class=\"elementor-element elementor-element-3313be6 e-con-full e-flex elementor-invisible e-con e-child\" data-id=\"3313be6\" data-element_type=\"container\" data-e-type=\"container\" data-settings=\"{&quot;background_background&quot;:&quot;classic&quot;,&quot;animation&quot;:&quot;fadeInUp&quot;}\">\n\t\t\t\t<div class=\"elementor-element elementor-element-dced57c elementor-invisible elementor-widget elementor-widget-heading\" data-id=\"dced57c\" data-element_type=\"widget\" data-e-type=\"widget\" data-settings=\"{&quot;_animation&quot;:&quot;fadeInUp&quot;}\" data-widget_type=\"heading.default\">\n\t\t\t\t<div class=\"elementor-widget-container\">\n\t\t\t\t\t<h2 class=\"elementor-heading-title elementor-size-default\">RESPONSABILIDAD SOCIAL<\/h2>\t\t\t\t<\/div>\n\t\t\t\t<\/div>\n\t\t\t\t<\/div>\n\t\t\t\t<div class=\"elementor-element elementor-element-6c7fe4c elementor-widget__width-initial animated-slow elementor-invisible elementor-widget elementor-widget-text-editor\" data-id=\"6c7fe4c\" data-element_type=\"widget\" data-e-type=\"widget\" data-settings=\"{&quot;_animation&quot;:&quot;fadeIn&quot;}\" data-widget_type=\"text-editor.default\">\n\t\t\t\t<div class=\"elementor-widget-container\">\n\t\t\t\t\t\t\t\t\t<p><span style=\"font-weight: 400;\">Pagamos cada kilo al caficultor a un valor mayor de lo indicado por\u00a0 l\u00ednea comercial, de esta manera dignificamos a\u00fan m\u00e1s su labor y nos aseguramos que reciban el precio justo por su trabajo.<\/span><\/p>\t\t\t\t\t\t\t\t<\/div>\n\t\t\t\t<\/div>\n\t\t\t\t\t<\/div>\n\t\t\t\t<\/div>\n\t\t<div class=\"elementor-element elementor-element-a1c12ec e-flex e-con-boxed e-con e-child\" data-id=\"a1c12ec\" data-element_type=\"container\" data-e-type=\"container\" data-settings=\"{&quot;background_background&quot;:&quot;classic&quot;}\">\n\t\t\t\t\t<div class=\"e-con-inner\">\n\t\t<div class=\"elementor-element elementor-element-4cd1e33 e-con-full e-flex elementor-invisible e-con e-child\" data-id=\"4cd1e33\" data-element_type=\"container\" data-e-type=\"container\" data-settings=\"{&quot;background_background&quot;:&quot;classic&quot;,&quot;animation&quot;:&quot;fadeInUp&quot;}\">\n\t\t\t\t<div class=\"elementor-element elementor-element-2dac187 elementor-invisible elementor-widget elementor-widget-heading\" data-id=\"2dac187\" data-element_type=\"widget\" data-e-type=\"widget\" data-settings=\"{&quot;_animation&quot;:&quot;fadeInUp&quot;}\" data-widget_type=\"heading.default\">\n\t\t\t\t<div class=\"elementor-widget-container\">\n\t\t\t\t\t<h2 class=\"elementor-heading-title elementor-size-default\">CALIDAD<\/h2>\t\t\t\t<\/div>\n\t\t\t\t<\/div>\n\t\t\t\t<\/div>\n\t\t\t\t<div class=\"elementor-element elementor-element-ea067f9 elementor-widget__width-initial animated-slow elementor-invisible elementor-widget elementor-widget-text-editor\" data-id=\"ea067f9\" data-element_type=\"widget\" data-e-type=\"widget\" data-settings=\"{&quot;_animation&quot;:&quot;fadeIn&quot;}\" data-widget_type=\"text-editor.default\">\n\t\t\t\t<div class=\"elementor-widget-container\">\n\t\t\t\t\t\t\t\t\t<p><span style=\"font-weight: 400;\">Cada uno de los procesos, en sus diferentes fases, es monitoreado y controlado para asegurarte una excelente taza de caf\u00e9. Esto incluye control en finca, beneficio, trilla, tueste, empaque y preparaci\u00f3n.<\/span><\/p>\t\t\t\t\t\t\t\t<\/div>\n\t\t\t\t<\/div>\n\t\t\t\t\t<\/div>\n\t\t\t\t<\/div>\n\t\t<div class=\"elementor-element elementor-element-27b6d7e e-flex e-con-boxed e-con e-child\" data-id=\"27b6d7e\" data-element_type=\"container\" data-e-type=\"container\" data-settings=\"{&quot;background_background&quot;:&quot;classic&quot;}\">\n\t\t\t\t\t<div class=\"e-con-inner\">\n\t\t<div class=\"elementor-element elementor-element-a7ecb02 e-con-full e-flex elementor-invisible e-con e-child\" data-id=\"a7ecb02\" data-element_type=\"container\" data-e-type=\"container\" data-settings=\"{&quot;background_background&quot;:&quot;classic&quot;,&quot;animation&quot;:&quot;fadeInUp&quot;}\">\n\t\t\t\t<div class=\"elementor-element elementor-element-063f79d elementor-invisible elementor-widget elementor-widget-heading\" data-id=\"063f79d\" data-element_type=\"widget\" data-e-type=\"widget\" data-settings=\"{&quot;_animation&quot;:&quot;fadeInUp&quot;}\" data-widget_type=\"heading.default\">\n\t\t\t\t<div class=\"elementor-widget-container\">\n\t\t\t\t\t<h2 class=\"elementor-heading-title elementor-size-default\">100% CAF\u00c9 ESPECIAL COLOMBIANO<\/h2>\t\t\t\t<\/div>\n\t\t\t\t<\/div>\n\t\t\t\t<\/div>\n\t\t\t\t<div class=\"elementor-element elementor-element-966156e elementor-widget__width-initial animated-slow elementor-invisible elementor-widget elementor-widget-text-editor\" data-id=\"966156e\" data-element_type=\"widget\" data-e-type=\"widget\" data-settings=\"{&quot;_animation&quot;:&quot;fadeIn&quot;}\" data-widget_type=\"text-editor.default\">\n\t\t\t\t<div class=\"elementor-widget-container\">\n\t\t\t\t\t\t\t\t\t<p><span style=\"font-weight: 400;\">En QU\u00c1NTICO CAF\u00c9 nos apoyamos en baristas y catadores certificados para garantizarte que est\u00e1s adquiriendo 100% caf\u00e9 Especial. Encuentra en el empaque los detalles de la familia productora y resultados de la cata. <\/span><\/p>\t\t\t\t\t\t\t\t<\/div>\n\t\t\t\t<\/div>\n\t\t\t\t\t<\/div>\n\t\t\t\t<\/div>\n\t\t\t\t\t<\/div>\n\t\t\t\t<\/div>\n\t\t\t\t<\/div>\n\t\t\t\t\t<\/div>\n\t\t\t\t<\/div>\n\t\t\t\t<\/div>\n\t\t<div class=\"elementor-element elementor-element-a4d9122 e-con-full e-flex e-con e-parent\" data-id=\"a4d9122\" data-element_type=\"container\" data-e-type=\"container\" data-settings=\"{&quot;background_background&quot;:&quot;classic&quot;}\">\n\t\t<div class=\"elementor-element elementor-element-5a02607 e-con-full e-flex e-con e-child\" data-id=\"5a02607\" data-element_type=\"container\" data-e-type=\"container\" data-settings=\"{&quot;background_background&quot;:&quot;gradient&quot;}\">\n\t\t<div class=\"elementor-element elementor-element-f25d4a1 e-con-full e-flex e-con e-child\" data-id=\"f25d4a1\" data-element_type=\"container\" data-e-type=\"container\">\n\t\t<div class=\"elementor-element elementor-element-9f4e206 e-con-full e-flex e-con e-child\" data-id=\"9f4e206\" data-element_type=\"container\" data-e-type=\"container\">\n\t\t\t\t<div class=\"elementor-element elementor-element-81dab74 elementor-widget elementor-widget-heading\" data-id=\"81dab74\" data-element_type=\"widget\" data-e-type=\"widget\" data-widget_type=\"heading.default\">\n\t\t\t\t<div class=\"elementor-widget-container\">\n\t\t\t\t\t<h2 class=\"elementor-heading-title elementor-size-default\">QU\u00c1NTICO una manera de definir nuevas experiencias para verdaderos amantes de los sabores, aromas y texturas que enmarcan nuestro d\u00eda a d\u00eda. Con los productos de Qu\u00e1ntico te acercas m\u00e1s a una cultura que respalda el esfuerzo y cari\u00f1o que nos hace \u00fanicos. <\/h2>\t\t\t\t<\/div>\n\t\t\t\t<\/div>\n\t\t\t\t<\/div>\n\t\t<div class=\"elementor-element elementor-element-d7432bd e-con-full e-flex e-con e-child\" data-id=\"d7432bd\" data-element_type=\"container\" data-e-type=\"container\">\n\t\t\t\t<\/div>\n\t\t\t\t<\/div>\n\t\t\t\t<\/div>\n\t\t\t\t<\/div>\n\t\t\t\t<\/div>\n\t\t","protected":false},"excerpt":{"rendered":"<p>QU\u00c1NTICO CAF\u00c9: Un universo de experiencias cafeteras \u00a1Hola! Es un placer conocerte y compartir contigo la magia de QU\u00c1NTICO CAF\u00c9, un espacio donde tu paladar y coraz\u00f3n se embarcar\u00e1n en una traves\u00eda extraordinaria. Nuestra misi\u00f3n, cautivarte con notas inigualables de caf\u00e9 tostado de especialidad, cultivado con amor en las monta\u00f1as colombianas. Cada grano, cuidadosamente seleccionado [&hellip;]<\/p>\n","protected":false},"author":1,"featured_media":0,"parent":0,"menu_order":0,"comment_status":"closed","ping_status":"closed","template":"elementor_canvas","meta":{"footnotes":""},"class_list":["post-43","page","type-page","status-publish","hentry"],"_links":{"self":[{"href":"https:\/\/quanticocafe.com\/index.php\/wp-json\/wp\/v2\/pages\/43","targetHints":{"allow":["GET"]}}],"collection":[{"href":"https:\/\/quanticocafe.com\/index.php\/wp-json\/wp\/v2\/pages"}],"about":[{"href":"https:\/\/quanticocafe.com\/index.php\/wp-json\/wp\/v2\/types\/page"}],"author":[{"embeddable":true,"href":"https:\/\/quanticocafe.com\/index.php\/wp-json\/wp\/v2\/users\/1"}],"replies":[{"embeddable":true,"href":"https:\/\/quanticocafe.com\/index.php\/wp-json\/wp\/v2\/comments?post=43"}],"version-history":[{"count":158,"href":"https:\/\/quanticocafe.com\/index.php\/wp-json\/wp\/v2\/pages\/43\/revisions"}],"predecessor-version":[{"id":1684,"href":"https:\/\/quanticocafe.com\/index.php\/wp-json\/wp\/v2\/pages\/43\/revisions\/1684"}],"wp:attachment":[{"href":"https:\/\/quanticocafe.com\/index.php\/wp-json\/wp\/v2\/media?parent=43"}],"curies":[{"name":"wp","href":"https:\/\/api.w.org\/{rel}","templated":true}]}}